{"id":897,"date":"2018-12-10T13:05:29","date_gmt":"2018-12-10T13:05:29","guid":{"rendered":"https:\/\/www.sea-hotel.co.il\/?page_id=897"},"modified":"2022-03-10T11:07:56","modified_gmt":"2022-03-10T09:07:56","slug":"ciudad-vieja-de-jaffa","status":"publish","type":"page","link":"https:\/\/www.sea-hotel.co.il\/es\/atracciones\/ciudad-vieja-de-jaffa\/","title":{"rendered":"CIUDAD VIEJA DE JAFFA"},"content":{"rendered":"\t\t<div data-elementor-type=\"wp-post\" data-elementor-id=\"897\" class=\"elementor elementor-897\" data-elementor-post-type=\"page\">\n\t\t\t\t\t\t<section class=\"elementor-section elementor-top-section elementor-element elementor-element-4545639f elementor-section-height-min-height elementor-section-items-bottom elementor-section-boxed elementor-section-height-default\" data-id=\"4545639f\" data-element_type=\"section\" data-e-type=\"section\" data-settings=\"{&quot;background_background&quot;:&quot;classic&quot;}\">\n\t\t\t\t\t\t<div class=\"elementor-container elementor-column-gap-default\">\n\t\t\t\t\t<div class=\"elementor-column elementor-col-100 elementor-top-column elementor-element elementor-element-3de6d6c4\" data-id=\"3de6d6c4\" data-element_type=\"column\" data-e-type=\"column\">\n\t\t\t<div class=\"elementor-widget-wrap elementor-element-populated\">\n\t\t\t\t\t\t<section class=\"elementor-section elementor-inner-section elementor-element elementor-element-56e39a2c elementor-section-boxed elementor-section-height-default elementor-section-height-default\" data-id=\"56e39a2c\" data-element_type=\"section\" data-e-type=\"section\">\n\t\t\t\t\t\t<div class=\"elementor-container elementor-column-gap-default\">\n\t\t\t\t\t<div class=\"elementor-column elementor-col-100 elementor-inner-column elementor-element elementor-element-71bf2243\" data-id=\"71bf2243\" data-element_type=\"column\" data-e-type=\"column\">\n\t\t\t<div class=\"elementor-widget-wrap elementor-element-populated\">\n\t\t\t\t\t\t<div class=\"elementor-element elementor-element-d14c58d elementor-widget elementor-widget-heading\" data-id=\"d14c58d\" data-element_type=\"widget\" data-e-type=\"widget\" data-widget_type=\"heading.default\">\n\t\t\t\t<div class=\"elementor-widget-container\">\n\t\t\t\t\t<h1 class=\"elementor-heading-title elementor-size-default\">CIUDAD VIEJA DE JAFFA<\/h1>\t\t\t\t<\/div>\n\t\t\t\t<\/div>\n\t\t\t\t<div class=\"elementor-element elementor-element-48cd3eda elementor-widget elementor-widget-heading\" data-id=\"48cd3eda\" data-element_type=\"widget\" data-e-type=\"widget\" data-widget_type=\"heading.default\">\n\t\t\t\t<div class=\"elementor-widget-container\">\n\t\t\t\t\t<h2 class=\"elementor-heading-title elementor-size-default\">Share<\/h2>\t\t\t\t<\/div>\n\t\t\t\t<\/div>\n\t\t\t\t<div class=\"elementor-element elementor-element-53f843a4 elementor-share-buttons--view-icon elementor-share-buttons--skin-flat elementor-share-buttons--shape-circle elementor-share-buttons--color-custom elementor-grid-0 elementor-widget elementor-widget-share-buttons\" data-id=\"53f843a4\" data-element_type=\"widget\" data-e-type=\"widget\" data-widget_type=\"share-buttons.default\">\n\t\t\t\t<div class=\"elementor-widget-container\">\n\t\t\t\t\t\t\t<div class=\"elementor-grid\" role=\"list\">\n\t\t\t\t\t\t\t\t<div class=\"elementor-grid-item\" role=\"listitem\">\n\t\t\t\t\t\t<div class=\"elementor-share-btn elementor-share-btn_whatsapp\" role=\"button\" tabindex=\"0\" aria-label=\"Compartir en whatsapp\">\n\t\t\t\t\t\t\t\t\t\t\t\t\t\t\t<span class=\"elementor-share-btn__icon\">\n\t\t\t\t\t\t\t\t<i class=\"fab fa-whatsapp\" aria-hidden=\"true\"><\/i>\t\t\t\t\t\t\t<\/span>\n\t\t\t\t\t\t\t\t\t\t\t\t\t\t\t\t\t\t\t\t<\/div>\n\t\t\t\t\t<\/div>\n\t\t\t\t\t\t\t\t\t<div class=\"elementor-grid-item\" role=\"listitem\">\n\t\t\t\t\t\t<div class=\"elementor-share-btn elementor-share-btn_facebook\" role=\"button\" tabindex=\"0\" aria-label=\"Compartir en facebook\">\n\t\t\t\t\t\t\t\t\t\t\t\t\t\t\t<span class=\"elementor-share-btn__icon\">\n\t\t\t\t\t\t\t\t<i class=\"fab fa-facebook\" aria-hidden=\"true\"><\/i>\t\t\t\t\t\t\t<\/span>\n\t\t\t\t\t\t\t\t\t\t\t\t\t\t\t\t\t\t\t\t<\/div>\n\t\t\t\t\t<\/div>\n\t\t\t\t\t\t\t\t\t<div class=\"elementor-grid-item\" role=\"listitem\">\n\t\t\t\t\t\t<div class=\"elementor-share-btn elementor-share-btn_telegram\" role=\"button\" tabindex=\"0\" aria-label=\"Compartir en telegram\">\n\t\t\t\t\t\t\t\t\t\t\t\t\t\t\t<span class=\"elementor-share-btn__icon\">\n\t\t\t\t\t\t\t\t<i class=\"fab fa-telegram\" aria-hidden=\"true\"><\/i>\t\t\t\t\t\t\t<\/span>\n\t\t\t\t\t\t\t\t\t\t\t\t\t\t\t\t\t\t\t\t<\/div>\n\t\t\t\t\t<\/div>\n\t\t\t\t\t\t\t\t\t<div class=\"elementor-grid-item\" role=\"listitem\">\n\t\t\t\t\t\t<div class=\"elementor-share-btn elementor-share-btn_email\" role=\"button\" tabindex=\"0\" aria-label=\"Compartir en email\">\n\t\t\t\t\t\t\t\t\t\t\t\t\t\t\t<span class=\"elementor-share-btn__icon\">\n\t\t\t\t\t\t\t\t<i class=\"fas fa-envelope\" aria-hidden=\"true\"><\/i>\t\t\t\t\t\t\t<\/span>\n\t\t\t\t\t\t\t\t\t\t\t\t\t\t\t\t\t\t\t\t<\/div>\n\t\t\t\t\t<\/div>\n\t\t\t\t\t\t\t\t\t<div class=\"elementor-grid-item\" role=\"listitem\">\n\t\t\t\t\t\t<div class=\"elementor-share-btn elementor-share-btn_twitter\" role=\"button\" tabindex=\"0\" aria-label=\"Compartir en twitter\">\n\t\t\t\t\t\t\t\t\t\t\t\t\t\t\t<span class=\"elementor-share-btn__icon\">\n\t\t\t\t\t\t\t\t<i class=\"fab fa-twitter\" aria-hidden=\"true\"><\/i>\t\t\t\t\t\t\t<\/span>\n\t\t\t\t\t\t\t\t\t\t\t\t\t\t\t\t\t\t\t\t<\/div>\n\t\t\t\t\t<\/div>\n\t\t\t\t\t\t\t\t\t<div class=\"elementor-grid-item\" role=\"listitem\">\n\t\t\t\t\t\t<div class=\"elementor-share-btn elementor-share-btn_linkedin\" role=\"button\" tabindex=\"0\" aria-label=\"Compartir en linkedin\">\n\t\t\t\t\t\t\t\t\t\t\t\t\t\t\t<span class=\"elementor-share-btn__icon\">\n\t\t\t\t\t\t\t\t<i class=\"fab fa-linkedin\" aria-hidden=\"true\"><\/i>\t\t\t\t\t\t\t<\/span>\n\t\t\t\t\t\t\t\t\t\t\t\t\t\t\t\t\t\t\t\t<\/div>\n\t\t\t\t\t<\/div>\n\t\t\t\t\t\t\t\t\t<div class=\"elementor-grid-item\" role=\"listitem\">\n\t\t\t\t\t\t<div class=\"elementor-share-btn elementor-share-btn_pinterest\" role=\"button\" tabindex=\"0\" aria-label=\"Compartir en pinterest\">\n\t\t\t\t\t\t\t\t\t\t\t\t\t\t\t<span class=\"elementor-share-btn__icon\">\n\t\t\t\t\t\t\t\t<i class=\"fab fa-pinterest\" aria-hidden=\"true\"><\/i>\t\t\t\t\t\t\t<\/span>\n\t\t\t\t\t\t\t\t\t\t\t\t\t\t\t\t\t\t\t\t<\/div>\n\t\t\t\t\t<\/div>\n\t\t\t\t\t\t\t\t\t<div class=\"elementor-grid-item\" role=\"listitem\">\n\t\t\t\t\t\t<div class=\"elementor-share-btn elementor-share-btn_skype\" role=\"button\" tabindex=\"0\" aria-label=\"Compartir en skype\">\n\t\t\t\t\t\t\t\t\t\t\t\t\t\t\t<span class=\"elementor-share-btn__icon\">\n\t\t\t\t\t\t\t\t<i class=\"fab fa-skype\" aria-hidden=\"true\"><\/i>\t\t\t\t\t\t\t<\/span>\n\t\t\t\t\t\t\t\t\t\t\t\t\t\t\t\t\t\t\t\t<\/div>\n\t\t\t\t\t<\/div>\n\t\t\t\t\t\t\t\t\t<div class=\"elementor-grid-item\" role=\"listitem\">\n\t\t\t\t\t\t<div class=\"elementor-share-btn elementor-share-btn_pocket\" role=\"button\" tabindex=\"0\" aria-label=\"Compartir en pocket\">\n\t\t\t\t\t\t\t\t\t\t\t\t\t\t\t<span class=\"elementor-share-btn__icon\">\n\t\t\t\t\t\t\t\t<i class=\"fab fa-get-pocket\" aria-hidden=\"true\"><\/i>\t\t\t\t\t\t\t<\/span>\n\t\t\t\t\t\t\t\t\t\t\t\t\t\t\t\t\t\t\t\t<\/div>\n\t\t\t\t\t<\/div>\n\t\t\t\t\t\t\t\t\t<div class=\"elementor-grid-item\" role=\"listitem\">\n\t\t\t\t\t\t<div class=\"elementor-share-btn elementor-share-btn_print\" role=\"button\" tabindex=\"0\" aria-label=\"Compartir en print\">\n\t\t\t\t\t\t\t\t\t\t\t\t\t\t\t<span class=\"elementor-share-btn__icon\">\n\t\t\t\t\t\t\t\t<i class=\"fas fa-print\" aria-hidden=\"true\"><\/i>\t\t\t\t\t\t\t<\/span>\n\t\t\t\t\t\t\t\t\t\t\t\t\t\t\t\t\t\t\t\t<\/div>\n\t\t\t\t\t<\/div>\n\t\t\t\t\t\t<\/div>\n\t\t\t\t\t\t<\/div>\n\t\t\t\t<\/div>\n\t\t\t\t\t<\/div>\n\t\t<\/div>\n\t\t\t\t\t<\/div>\n\t\t<\/section>\n\t\t\t\t\t<\/div>\n\t\t<\/div>\n\t\t\t\t\t<\/div>\n\t\t<\/section>\n\t\t\t\t<section class=\"elementor-section elementor-top-section elementor-element elementor-element-3188627c elementor-section-boxed elementor-section-height-default elementor-section-height-default\" data-id=\"3188627c\" data-element_type=\"section\" data-e-type=\"section\" id=\"sah-search\" data-settings=\"{&quot;background_background&quot;:&quot;classic&quot;}\">\n\t\t\t\t\t\t<div class=\"elementor-container elementor-column-gap-default\">\n\t\t\t\t\t<div class=\"elementor-column elementor-col-100 elementor-top-column elementor-element elementor-element-577165b0\" data-id=\"577165b0\" data-element_type=\"column\" data-e-type=\"column\">\n\t\t\t<div class=\"elementor-widget-wrap elementor-element-populated\">\n\t\t\t\t\t\t<div class=\"elementor-element elementor-element-3f04b108 elementor-widget-divider--view-line elementor-widget elementor-widget-divider\" data-id=\"3f04b108\" data-element_type=\"widget\" data-e-type=\"widget\" data-widget_type=\"divider.default\">\n\t\t\t\t<div class=\"elementor-widget-container\">\n\t\t\t\t\t\t\t<div class=\"elementor-divider\">\n\t\t\t<span class=\"elementor-divider-separator\">\n\t\t\t\t\t\t<\/span>\n\t\t<\/div>\n\t\t\t\t\t\t<\/div>\n\t\t\t\t<\/div>\n\t\t\t\t\t<\/div>\n\t\t<\/div>\n\t\t\t\t\t<\/div>\n\t\t<\/section>\n\t\t\t\t<section class=\"elementor-section elementor-top-section elementor-element elementor-element-ec8d798 elementor-section-boxed elementor-section-height-default elementor-section-height-default\" data-id=\"ec8d798\" data-element_type=\"section\" data-e-type=\"section\">\n\t\t\t\t\t\t<div class=\"elementor-container elementor-column-gap-default\">\n\t\t\t\t\t<div class=\"elementor-column elementor-col-100 elementor-top-column elementor-element elementor-element-b79e39c\" data-id=\"b79e39c\" data-element_type=\"column\" data-e-type=\"column\">\n\t\t\t<div class=\"elementor-widget-wrap elementor-element-populated\">\n\t\t\t\t\t\t<div class=\"elementor-element elementor-element-c591a4d elementor-widget elementor-widget-heading\" data-id=\"c591a4d\" data-element_type=\"widget\" data-e-type=\"widget\" data-widget_type=\"heading.default\">\n\t\t\t\t<div class=\"elementor-widget-container\">\n\t\t\t\t\t<h2 class=\"elementor-heading-title elementor-size-default\">CIUDAD VIEJA DE JAFFA<\/h2>\t\t\t\t<\/div>\n\t\t\t\t<\/div>\n\t\t\t\t<div class=\"elementor-element elementor-element-9f60890 elementor-widget elementor-widget-text-editor\" data-id=\"9f60890\" data-element_type=\"widget\" data-e-type=\"widget\" data-widget_type=\"text-editor.default\">\n\t\t\t\t<div class=\"elementor-widget-container\">\n\t\t\t\t\t\t\t\t\t<p>Jaffa es la ciudad m\u00e1s antigua de la que Tel Aviv ha evolucionado. Su poblaci\u00f3n se compone de Judios y musulmanes, y la pintoresca zona se encuentra en el casco antiguo, justo en el mar. No se olvide de visitar las calles cautivadoras y galer\u00edas de arte de la Ciudad Vieja Jaffa, sentir la brisa del mar y la cena en Cerde\u00f1a en la plaza Kdumim.<br \/>Si no se tiene prisa, usted debe pasar tiempo para visitar el mercado de pulgas, donde puedes encontrar comerciantes, tiendas, encantos y hallazgos \u00fanicos, adem\u00e1s de lugares para los hipsters o en un caf\u00e9. Por la noche, el n\u00famero de peatones aumenta, los incrementos en el volumen de la m\u00fasica en los bares de moda que son numerosos en este lugar.<br \/>Para los que terminan su d\u00eda en el mercado de pulgas en Jaffa, le recomendamos el paseo de vuelta al hotel, que se encuentra a s\u00f3lo 15 minutos a pie de la torre del reloj.<\/p>\t\t\t\t\t\t\t\t<\/div>\n\t\t\t\t<\/div>\n\t\t\t\t<div class=\"elementor-element elementor-element-7e9fc8a elementor-widget elementor-widget-image\" data-id=\"7e9fc8a\" data-element_type=\"widget\" data-e-type=\"widget\" data-widget_type=\"image.default\">\n\t\t\t\t<div class=\"elementor-widget-container\">\n\t\t\t\t\t\t\t\t\t\t\t\t\t\t\t<img fetchpriority=\"high\" decoding=\"async\" width=\"800\" height=\"543\" src=\"https:\/\/www.sea-hotel.co.il\/es\/wp-content\/uploads\/sites\/3\/jaffo-2-1.jpg\" class=\"attachment-full size-full wp-image-2371\" alt=\"Ciudad vieja de Jaffa\" srcset=\"https:\/\/www.sea-hotel.co.il\/es\/wp-content\/uploads\/sites\/3\/jaffo-2-1.jpg 800w, https:\/\/www.sea-hotel.co.il\/es\/wp-content\/uploads\/sites\/3\/jaffo-2-1-375x255.jpg 375w, https:\/\/www.sea-hotel.co.il\/es\/wp-content\/uploads\/sites\/3\/jaffo-2-1-768x521.jpg 768w\" sizes=\"(max-width: 800px) 100vw, 800px\" \/>\t\t\t\t\t\t\t\t\t\t\t\t\t\t\t<\/div>\n\t\t\t\t<\/div>\n\t\t\t\t\t<\/div>\n\t\t<\/div>\n\t\t\t\t\t<\/div>\n\t\t<\/section>\n\t\t\t\t<section class=\"elementor-section elementor-top-section elementor-element elementor-element-66186dec elementor-section-stretched elementor-section-full_width elementor-section-height-default elementor-section-height-default\" data-id=\"66186dec\" data-element_type=\"section\" data-e-type=\"section\" id=\"gallery\" data-settings=\"{&quot;stretch_section&quot;:&quot;section-stretched&quot;,&quot;background_background&quot;:&quot;classic&quot;}\">\n\t\t\t\t\t\t<div class=\"elementor-container elementor-column-gap-default\">\n\t\t\t\t\t<div class=\"elementor-column elementor-col-100 elementor-top-column elementor-element elementor-element-5ba36a5a\" data-id=\"5ba36a5a\" data-element_type=\"column\" data-e-type=\"column\">\n\t\t\t<div class=\"elementor-widget-wrap elementor-element-populated\">\n\t\t\t\t\t\t<div class=\"elementor-element elementor-element-bfeb0b elementor-widget elementor-widget-heading\" data-id=\"bfeb0b\" data-element_type=\"widget\" data-e-type=\"widget\" data-widget_type=\"heading.default\">\n\t\t\t\t<div class=\"elementor-widget-container\">\n\t\t\t\t\t<h2 class=\"elementor-heading-title elementor-size-default\">Follow Us<\/h2>\t\t\t\t<\/div>\n\t\t\t\t<\/div>\n\t\t\t\t<div class=\"elementor-element elementor-element-73c6e0e8 elementor-align-center elementor-icon-list--layout-traditional elementor-list-item-link-full_width elementor-widget elementor-widget-icon-list\" data-id=\"73c6e0e8\" data-element_type=\"widget\" data-e-type=\"widget\" data-widget_type=\"icon-list.default\">\n\t\t\t\t<div class=\"elementor-widget-container\">\n\t\t\t\t\t\t\t<ul class=\"elementor-icon-list-items\">\n\t\t\t\t\t\t\t<li class=\"elementor-icon-list-item\">\n\t\t\t\t\t\t\t\t\t\t\t<span class=\"elementor-icon-list-icon\">\n\t\t\t\t\t\t\t\t\t\t\t\t\t\t\t\t<i class=\"fa fa-instagram\" aria-hidden=\"true\"><\/i>\n\t\t\t\t\t\t\t\t\t\t\t\t\t<\/span>\n\t\t\t\t\t\t\t\t\t\t<span class=\"elementor-icon-list-text\">seasuitestlv#<\/span>\n\t\t\t\t\t\t\t\t\t<\/li>\n\t\t\t\t\t\t<\/ul>\n\t\t\t\t\t\t<\/div>\n\t\t\t\t<\/div>\n\t\t\t\t<div class=\"elementor-element elementor-element-2dabfc3 elementor-align-center elementor-widget elementor-widget-global elementor-global-1662 elementor-widget-breadcrumbs\" data-id=\"2dabfc3\" data-element_type=\"widget\" data-e-type=\"widget\" data-widget_type=\"breadcrumbs.default\">\n\t\t\t\t<div class=\"elementor-widget-container\">\n\t\t\t\t\t<p id=\"breadcrumbs\"><span><span><a href=\"https:\/\/www.sea-hotel.co.il\/es\/\">EL HOTEL<\/a><\/span><\/span><\/p>\t\t\t\t<\/div>\n\t\t\t\t<\/div>\n\t\t\t\t\t<\/div>\n\t\t<\/div>\n\t\t\t\t\t<\/div>\n\t\t<\/section>\n\t\t\t\t<\/div>\n\t\t","protected":false},"excerpt":{"rendered":"<p>Share Share on whatsapp Share on facebook Share on telegram Share on email Share on twitter Share on linkedin Share on pinterest Share on skype Share on pocket Share on print Jaffa es la ciudad m\u00e1s antigua de la que Tel Aviv ha evolucionado. Su poblaci\u00f3n se compone de Judios y musulmanes, y la pintoresca [&hellip;]<\/p>\n","protected":false},"author":1,"featured_media":611,"parent":437,"menu_order":30,"comment_status":"closed","ping_status":"closed","template":"","meta":{"_acf_changed":false,"footnotes":""},"class_list":["post-897","page","type-page","status-publish","has-post-thumbnail","hentry"],"acf":[],"yoast_head":"<!-- This site is optimized with the Yoast SEO plugin v27.2 - https:\/\/yoast.com\/product\/yoast-seo-wordpress\/ -->\n<title>Antigua Jaffa, una antigua ciudad cerca de Tel Aviv | Sea Executive Suites<\/title>\n<meta name=\"description\" content=\"Aqu\u00ed encontrar\u00e1 la informaci\u00f3n necesaria sobre la Antigua Jaffa, una antigua ciudad que data de la Edad de Bronce y es el punto de partida de la evoluci\u00f3n de Tel Aviv.\" \/>\n<meta name=\"robots\" content=\"index, follow, max-snippet:-1, max-image-preview:large, max-video-preview:-1\" \/>\n<link rel=\"canonical\" href=\"https:\/\/www.sea-hotel.co.il\/es\/atracciones\/ciudad-vieja-de-jaffa\/\" \/>\n<meta property=\"og:locale\" content=\"es_ES\" \/>\n<meta property=\"og:type\" content=\"article\" \/>\n<meta property=\"og:title\" content=\"Antigua Jaffa, una antigua ciudad cerca de Tel Aviv | Sea Executive Suites\" \/>\n<meta property=\"og:description\" content=\"Aqu\u00ed encontrar\u00e1 la informaci\u00f3n necesaria sobre la Antigua Jaffa, una antigua ciudad que data de la Edad de Bronce y es el punto de partida de la evoluci\u00f3n de Tel Aviv.\" \/>\n<meta property=\"og:url\" content=\"https:\/\/www.sea-hotel.co.il\/es\/atracciones\/ciudad-vieja-de-jaffa\/\" \/>\n<meta property=\"og:site_name\" content=\"Sea Executive Suites\" \/>\n<meta property=\"article:modified_time\" content=\"2022-03-10T09:07:56+00:00\" \/>\n<meta property=\"og:image\" content=\"https:\/\/www.sea-hotel.co.il\/es\/wp-content\/uploads\/sites\/3\/1.png\" \/>\n\t<meta property=\"og:image:width\" content=\"2096\" \/>\n\t<meta property=\"og:image:height\" content=\"1180\" \/>\n\t<meta property=\"og:image:type\" content=\"image\/png\" \/>\n<meta name=\"twitter:card\" content=\"summary_large_image\" \/>\n<meta name=\"twitter:label1\" content=\"Tiempo de lectura\" \/>\n\t<meta name=\"twitter:data1\" content=\"1 minuto\" \/>\n<!-- \/ Yoast SEO plugin. -->","yoast_head_json":{"title":"Antigua Jaffa, una antigua ciudad cerca de Tel Aviv | Sea Executive Suites","description":"Aqu\u00ed encontrar\u00e1 la informaci\u00f3n necesaria sobre la Antigua Jaffa, una antigua ciudad que data de la Edad de Bronce y es el punto de partida de la evoluci\u00f3n de Tel Aviv.","robots":{"index":"index","follow":"follow","max-snippet":"max-snippet:-1","max-image-preview":"max-image-preview:large","max-video-preview":"max-video-preview:-1"},"canonical":"https:\/\/www.sea-hotel.co.il\/es\/atracciones\/ciudad-vieja-de-jaffa\/","og_locale":"es_ES","og_type":"article","og_title":"Antigua Jaffa, una antigua ciudad cerca de Tel Aviv | Sea Executive Suites","og_description":"Aqu\u00ed encontrar\u00e1 la informaci\u00f3n necesaria sobre la Antigua Jaffa, una antigua ciudad que data de la Edad de Bronce y es el punto de partida de la evoluci\u00f3n de Tel Aviv.","og_url":"https:\/\/www.sea-hotel.co.il\/es\/atracciones\/ciudad-vieja-de-jaffa\/","og_site_name":"Sea Executive Suites","article_modified_time":"2022-03-10T09:07:56+00:00","og_image":[{"width":2096,"height":1180,"url":"https:\/\/www.sea-hotel.co.il\/es\/wp-content\/uploads\/sites\/3\/1.png","type":"image\/png"}],"twitter_card":"summary_large_image","twitter_misc":{"Tiempo de lectura":"1 minuto"},"schema":{"@context":"https:\/\/schema.org","@graph":[{"@type":"WebPage","@id":"https:\/\/www.sea-hotel.co.il\/es\/atracciones\/ciudad-vieja-de-jaffa\/","url":"https:\/\/www.sea-hotel.co.il\/es\/atracciones\/ciudad-vieja-de-jaffa\/","name":"Antigua Jaffa, una antigua ciudad cerca de Tel Aviv | Sea Executive Suites","isPartOf":{"@id":"https:\/\/www.sea-hotel.co.il\/es\/#website"},"primaryImageOfPage":{"@id":"https:\/\/www.sea-hotel.co.il\/es\/atracciones\/ciudad-vieja-de-jaffa\/#primaryimage"},"image":{"@id":"https:\/\/www.sea-hotel.co.il\/es\/atracciones\/ciudad-vieja-de-jaffa\/#primaryimage"},"thumbnailUrl":"https:\/\/www.sea-hotel.co.il\/es\/wp-content\/uploads\/sites\/3\/jaffo-360x300.jpg","datePublished":"2018-12-10T13:05:29+00:00","dateModified":"2022-03-10T09:07:56+00:00","description":"Aqu\u00ed encontrar\u00e1 la informaci\u00f3n necesaria sobre la Antigua Jaffa, una antigua ciudad que data de la Edad de Bronce y es el punto de partida de la evoluci\u00f3n de Tel Aviv.","breadcrumb":{"@id":"https:\/\/www.sea-hotel.co.il\/es\/atracciones\/ciudad-vieja-de-jaffa\/#breadcrumb"},"inLanguage":"es","potentialAction":[{"@type":"ReadAction","target":["https:\/\/www.sea-hotel.co.il\/es\/atracciones\/ciudad-vieja-de-jaffa\/"]}]},{"@type":"ImageObject","inLanguage":"es","@id":"https:\/\/www.sea-hotel.co.il\/es\/atracciones\/ciudad-vieja-de-jaffa\/#primaryimage","url":"https:\/\/www.sea-hotel.co.il\/es\/wp-content\/uploads\/sites\/3\/jaffo-360x300.jpg","contentUrl":"https:\/\/www.sea-hotel.co.il\/es\/wp-content\/uploads\/sites\/3\/jaffo-360x300.jpg","width":360,"height":300,"caption":"Ciudad vieja de Jaffa"},{"@type":"BreadcrumbList","@id":"https:\/\/www.sea-hotel.co.il\/es\/atracciones\/ciudad-vieja-de-jaffa\/#breadcrumb","itemListElement":[{"@type":"ListItem","position":1,"name":"EL HOTEL","item":"https:\/\/www.sea-hotel.co.il\/es\/"},{"@type":"ListItem","position":2,"name":"ATRACCIONES","item":"https:\/\/www.sea-hotel.co.il\/es\/atracciones\/"},{"@type":"ListItem","position":3,"name":"CIUDAD VIEJA DE JAFFA"}]},{"@type":"WebSite","@id":"https:\/\/www.sea-hotel.co.il\/es\/#website","url":"https:\/\/www.sea-hotel.co.il\/es\/","name":"Sea Executive Suites","description":"","publisher":{"@id":"https:\/\/www.sea-hotel.co.il\/es\/#organization"},"potentialAction":[{"@type":"SearchAction","target":{"@type":"EntryPoint","urlTemplate":"https:\/\/www.sea-hotel.co.il\/es\/?s={search_term_string}"},"query-input":{"@type":"PropertyValueSpecification","valueRequired":true,"valueName":"search_term_string"}}],"inLanguage":"es"},{"@type":"Organization","@id":"https:\/\/www.sea-hotel.co.il\/es\/#organization","name":"Sea Executive Suites","url":"https:\/\/www.sea-hotel.co.il\/es\/","logo":{"@type":"ImageObject","inLanguage":"es","@id":"https:\/\/www.sea-hotel.co.il\/es\/#\/schema\/logo\/image\/","url":"https:\/\/www.sea-hotel.co.il\/es\/wp-content\/uploads\/sites\/3\/logo_sea.png","contentUrl":"https:\/\/www.sea-hotel.co.il\/es\/wp-content\/uploads\/sites\/3\/logo_sea.png","width":400,"height":206,"caption":"Sea Executive Suites"},"image":{"@id":"https:\/\/www.sea-hotel.co.il\/es\/#\/schema\/logo\/image\/"}}]}},"_links":{"self":[{"href":"https:\/\/www.sea-hotel.co.il\/es\/wp-json\/wp\/v2\/pages\/897","targetHints":{"allow":["GET"]}}],"collection":[{"href":"https:\/\/www.sea-hotel.co.il\/es\/wp-json\/wp\/v2\/pages"}],"about":[{"href":"https:\/\/www.sea-hotel.co.il\/es\/wp-json\/wp\/v2\/types\/page"}],"author":[{"embeddable":true,"href":"https:\/\/www.sea-hotel.co.il\/es\/wp-json\/wp\/v2\/users\/1"}],"replies":[{"embeddable":true,"href":"https:\/\/www.sea-hotel.co.il\/es\/wp-json\/wp\/v2\/comments?post=897"}],"version-history":[{"count":0,"href":"https:\/\/www.sea-hotel.co.il\/es\/wp-json\/wp\/v2\/pages\/897\/revisions"}],"up":[{"embeddable":true,"href":"https:\/\/www.sea-hotel.co.il\/es\/wp-json\/wp\/v2\/pages\/437"}],"wp:featuredmedia":[{"embeddable":true,"href":"https:\/\/www.sea-hotel.co.il\/es\/wp-json\/wp\/v2\/media\/611"}],"wp:attachment":[{"href":"https:\/\/www.sea-hotel.co.il\/es\/wp-json\/wp\/v2\/media?parent=897"}],"curies":[{"name":"wp","href":"https:\/\/api.w.org\/{rel}","templated":true}]}}