{"id":2507,"date":"2019-01-06T11:58:04","date_gmt":"2019-01-06T11:58:04","guid":{"rendered":"https:\/\/www.sea-hotel.co.il\/?page_id=2507"},"modified":"2022-03-10T11:36:13","modified_gmt":"2022-03-10T09:36:13","slug":"hotel-promotions-in-tel-aviv","status":"publish","type":"page","link":"https:\/\/www.sea-hotel.co.il\/fr\/promotions\/hotel-promotions-in-tel-aviv\/","title":{"rendered":"C\u00e9l\u00e9brez Rosh Hashana avec votre famille au grand complet \u00e0 l&rsquo;h\u00f4tel"},"content":{"rendered":"\t\t<div data-elementor-type=\"wp-post\" data-elementor-id=\"2507\" class=\"elementor elementor-2507\" data-elementor-post-type=\"page\">\n\t\t\t\t\t\t<section class=\"elementor-section elementor-top-section elementor-element elementor-element-5cea3f3 elementor-section-height-min-height elementor-section-stretched elementor-section-full_width elementor-section-content-middle elementor-section-height-default elementor-section-items-middle\" data-id=\"5cea3f3\" data-element_type=\"section\" data-e-type=\"section\" data-settings=\"{&quot;background_background&quot;:&quot;classic&quot;,&quot;stretch_section&quot;:&quot;section-stretched&quot;}\">\n\t\t\t\t\t\t<div class=\"elementor-container elementor-column-gap-no\">\n\t\t\t\t\t<div class=\"elementor-column elementor-col-100 elementor-top-column elementor-element elementor-element-66ce0bda\" data-id=\"66ce0bda\" data-element_type=\"column\" data-e-type=\"column\">\n\t\t\t<div class=\"elementor-widget-wrap elementor-element-populated\">\n\t\t\t\t\t\t<section class=\"elementor-section elementor-inner-section elementor-element elementor-element-410c5bf2 elementor-section-boxed elementor-section-height-default elementor-section-height-default\" data-id=\"410c5bf2\" data-element_type=\"section\" data-e-type=\"section\">\n\t\t\t\t\t\t<div class=\"elementor-container elementor-column-gap-default\">\n\t\t\t\t\t<div class=\"elementor-column elementor-col-100 elementor-inner-column elementor-element elementor-element-77c25ece\" data-id=\"77c25ece\" data-element_type=\"column\" data-e-type=\"column\">\n\t\t\t<div class=\"elementor-widget-wrap elementor-element-populated\">\n\t\t\t\t\t\t<div class=\"elementor-element elementor-element-32531bda elementor-widget elementor-widget-heading\" data-id=\"32531bda\" data-element_type=\"widget\" data-e-type=\"widget\" data-widget_type=\"heading.default\">\n\t\t\t\t<div class=\"elementor-widget-container\">\n\t\t\t\t\t<h1 class=\"elementor-heading-title elementor-size-default\">C\u00e9l\u00e9brez Rosh Hashana avec votre famille au grand complet \u00e0 l&rsquo;h\u00f4tel<\/h1>\t\t\t\t<\/div>\n\t\t\t\t<\/div>\n\t\t\t\t<div class=\"elementor-element elementor-element-248bee0d elementor-widget elementor-widget-heading\" data-id=\"248bee0d\" data-element_type=\"widget\" data-e-type=\"widget\" data-widget_type=\"heading.default\">\n\t\t\t\t<div class=\"elementor-widget-container\">\n\t\t\t\t\t<h2 class=\"elementor-heading-title elementor-size-default\">Share<\/h2>\t\t\t\t<\/div>\n\t\t\t\t<\/div>\n\t\t\t\t<div class=\"elementor-element elementor-element-743b4bae elementor-share-buttons--view-icon elementor-share-buttons--skin-flat elementor-share-buttons--shape-circle elementor-share-buttons--color-custom elementor-grid-0 elementor-widget elementor-widget-share-buttons\" data-id=\"743b4bae\" data-element_type=\"widget\" data-e-type=\"widget\" data-widget_type=\"share-buttons.default\">\n\t\t\t\t<div class=\"elementor-widget-container\">\n\t\t\t\t\t\t\t<div class=\"elementor-grid\" role=\"list\">\n\t\t\t\t\t\t\t\t<div class=\"elementor-grid-item\" role=\"listitem\">\n\t\t\t\t\t\t<div class=\"elementor-share-btn elementor-share-btn_whatsapp\" role=\"button\" tabindex=\"0\" aria-label=\"Partager sur whatsapp\">\n\t\t\t\t\t\t\t\t\t\t\t\t\t\t\t<span class=\"elementor-share-btn__icon\">\n\t\t\t\t\t\t\t\t<i class=\"fab fa-whatsapp\" aria-hidden=\"true\"><\/i>\t\t\t\t\t\t\t<\/span>\n\t\t\t\t\t\t\t\t\t\t\t\t\t\t\t\t\t\t\t\t<\/div>\n\t\t\t\t\t<\/div>\n\t\t\t\t\t\t\t\t\t<div class=\"elementor-grid-item\" role=\"listitem\">\n\t\t\t\t\t\t<div class=\"elementor-share-btn elementor-share-btn_facebook\" role=\"button\" tabindex=\"0\" aria-label=\"Partager sur facebook\">\n\t\t\t\t\t\t\t\t\t\t\t\t\t\t\t<span class=\"elementor-share-btn__icon\">\n\t\t\t\t\t\t\t\t<i class=\"fab fa-facebook\" aria-hidden=\"true\"><\/i>\t\t\t\t\t\t\t<\/span>\n\t\t\t\t\t\t\t\t\t\t\t\t\t\t\t\t\t\t\t\t<\/div>\n\t\t\t\t\t<\/div>\n\t\t\t\t\t\t\t\t\t<div class=\"elementor-grid-item\" role=\"listitem\">\n\t\t\t\t\t\t<div class=\"elementor-share-btn elementor-share-btn_telegram\" role=\"button\" tabindex=\"0\" aria-label=\"Partager sur telegram\">\n\t\t\t\t\t\t\t\t\t\t\t\t\t\t\t<span class=\"elementor-share-btn__icon\">\n\t\t\t\t\t\t\t\t<i class=\"fab fa-telegram\" aria-hidden=\"true\"><\/i>\t\t\t\t\t\t\t<\/span>\n\t\t\t\t\t\t\t\t\t\t\t\t\t\t\t\t\t\t\t\t<\/div>\n\t\t\t\t\t<\/div>\n\t\t\t\t\t\t\t\t\t<div class=\"elementor-grid-item\" role=\"listitem\">\n\t\t\t\t\t\t<div class=\"elementor-share-btn elementor-share-btn_email\" role=\"button\" tabindex=\"0\" aria-label=\"Partager sur email\">\n\t\t\t\t\t\t\t\t\t\t\t\t\t\t\t<span class=\"elementor-share-btn__icon\">\n\t\t\t\t\t\t\t\t<i class=\"fas fa-envelope\" aria-hidden=\"true\"><\/i>\t\t\t\t\t\t\t<\/span>\n\t\t\t\t\t\t\t\t\t\t\t\t\t\t\t\t\t\t\t\t<\/div>\n\t\t\t\t\t<\/div>\n\t\t\t\t\t\t\t\t\t<div class=\"elementor-grid-item\" role=\"listitem\">\n\t\t\t\t\t\t<div class=\"elementor-share-btn elementor-share-btn_twitter\" role=\"button\" tabindex=\"0\" aria-label=\"Partager sur twitter\">\n\t\t\t\t\t\t\t\t\t\t\t\t\t\t\t<span class=\"elementor-share-btn__icon\">\n\t\t\t\t\t\t\t\t<i class=\"fab fa-twitter\" aria-hidden=\"true\"><\/i>\t\t\t\t\t\t\t<\/span>\n\t\t\t\t\t\t\t\t\t\t\t\t\t\t\t\t\t\t\t\t<\/div>\n\t\t\t\t\t<\/div>\n\t\t\t\t\t\t\t\t\t<div class=\"elementor-grid-item\" role=\"listitem\">\n\t\t\t\t\t\t<div class=\"elementor-share-btn elementor-share-btn_linkedin\" role=\"button\" tabindex=\"0\" aria-label=\"Partager sur linkedin\">\n\t\t\t\t\t\t\t\t\t\t\t\t\t\t\t<span class=\"elementor-share-btn__icon\">\n\t\t\t\t\t\t\t\t<i class=\"fab fa-linkedin\" aria-hidden=\"true\"><\/i>\t\t\t\t\t\t\t<\/span>\n\t\t\t\t\t\t\t\t\t\t\t\t\t\t\t\t\t\t\t\t<\/div>\n\t\t\t\t\t<\/div>\n\t\t\t\t\t\t\t\t\t<div class=\"elementor-grid-item\" role=\"listitem\">\n\t\t\t\t\t\t<div class=\"elementor-share-btn elementor-share-btn_pinterest\" role=\"button\" tabindex=\"0\" aria-label=\"Partager sur pinterest\">\n\t\t\t\t\t\t\t\t\t\t\t\t\t\t\t<span class=\"elementor-share-btn__icon\">\n\t\t\t\t\t\t\t\t<i class=\"fab fa-pinterest\" aria-hidden=\"true\"><\/i>\t\t\t\t\t\t\t<\/span>\n\t\t\t\t\t\t\t\t\t\t\t\t\t\t\t\t\t\t\t\t<\/div>\n\t\t\t\t\t<\/div>\n\t\t\t\t\t\t\t\t\t<div class=\"elementor-grid-item\" role=\"listitem\">\n\t\t\t\t\t\t<div class=\"elementor-share-btn elementor-share-btn_skype\" role=\"button\" tabindex=\"0\" aria-label=\"Partager sur skype\">\n\t\t\t\t\t\t\t\t\t\t\t\t\t\t\t<span class=\"elementor-share-btn__icon\">\n\t\t\t\t\t\t\t\t<i class=\"fab fa-skype\" aria-hidden=\"true\"><\/i>\t\t\t\t\t\t\t<\/span>\n\t\t\t\t\t\t\t\t\t\t\t\t\t\t\t\t\t\t\t\t<\/div>\n\t\t\t\t\t<\/div>\n\t\t\t\t\t\t\t\t\t<div class=\"elementor-grid-item\" role=\"listitem\">\n\t\t\t\t\t\t<div class=\"elementor-share-btn elementor-share-btn_pocket\" role=\"button\" tabindex=\"0\" aria-label=\"Partager sur pocket\">\n\t\t\t\t\t\t\t\t\t\t\t\t\t\t\t<span class=\"elementor-share-btn__icon\">\n\t\t\t\t\t\t\t\t<i class=\"fab fa-get-pocket\" aria-hidden=\"true\"><\/i>\t\t\t\t\t\t\t<\/span>\n\t\t\t\t\t\t\t\t\t\t\t\t\t\t\t\t\t\t\t\t<\/div>\n\t\t\t\t\t<\/div>\n\t\t\t\t\t\t\t\t\t<div class=\"elementor-grid-item\" role=\"listitem\">\n\t\t\t\t\t\t<div class=\"elementor-share-btn elementor-share-btn_print\" role=\"button\" tabindex=\"0\" aria-label=\"Partager sur print\">\n\t\t\t\t\t\t\t\t\t\t\t\t\t\t\t<span class=\"elementor-share-btn__icon\">\n\t\t\t\t\t\t\t\t<i class=\"fas fa-print\" aria-hidden=\"true\"><\/i>\t\t\t\t\t\t\t<\/span>\n\t\t\t\t\t\t\t\t\t\t\t\t\t\t\t\t\t\t\t\t<\/div>\n\t\t\t\t\t<\/div>\n\t\t\t\t\t\t<\/div>\n\t\t\t\t\t\t<\/div>\n\t\t\t\t<\/div>\n\t\t\t\t\t<\/div>\n\t\t<\/div>\n\t\t\t\t\t<\/div>\n\t\t<\/section>\n\t\t\t\t\t<\/div>\n\t\t<\/div>\n\t\t\t\t\t<\/div>\n\t\t<\/section>\n\t\t\t\t<section class=\"elementor-section elementor-top-section elementor-element elementor-element-458b1a08 elementor-section-boxed elementor-section-height-default elementor-section-height-default\" data-id=\"458b1a08\" data-element_type=\"section\" data-e-type=\"section\" id=\"sah-search\" data-settings=\"{&quot;background_background&quot;:&quot;classic&quot;}\">\n\t\t\t\t\t\t<div class=\"elementor-container elementor-column-gap-default\">\n\t\t\t\t\t<div class=\"elementor-column elementor-col-100 elementor-top-column elementor-element elementor-element-492a5ba2\" data-id=\"492a5ba2\" data-element_type=\"column\" data-e-type=\"column\">\n\t\t\t<div class=\"elementor-widget-wrap elementor-element-populated\">\n\t\t\t\t\t\t<div class=\"elementor-element elementor-element-74969c60 elementor-widget-divider--view-line elementor-widget elementor-widget-divider\" data-id=\"74969c60\" data-element_type=\"widget\" data-e-type=\"widget\" data-widget_type=\"divider.default\">\n\t\t\t\t<div class=\"elementor-widget-container\">\n\t\t\t\t\t\t\t<div class=\"elementor-divider\">\n\t\t\t<span class=\"elementor-divider-separator\">\n\t\t\t\t\t\t<\/span>\n\t\t<\/div>\n\t\t\t\t\t\t<\/div>\n\t\t\t\t<\/div>\n\t\t\t\t\t<\/div>\n\t\t<\/div>\n\t\t\t\t\t<\/div>\n\t\t<\/section>\n\t\t\t\t<section class=\"elementor-section elementor-top-section elementor-element elementor-element-3f2c8104 elementor-section-boxed elementor-section-height-default elementor-section-height-default\" data-id=\"3f2c8104\" data-element_type=\"section\" data-e-type=\"section\">\n\t\t\t\t\t\t<div class=\"elementor-container elementor-column-gap-default\">\n\t\t\t\t\t<div class=\"elementor-column elementor-col-100 elementor-top-column elementor-element elementor-element-204e22b3\" data-id=\"204e22b3\" data-element_type=\"column\" data-e-type=\"column\">\n\t\t\t<div class=\"elementor-widget-wrap elementor-element-populated\">\n\t\t\t\t\t\t<div class=\"elementor-element elementor-element-36ed760 elementor-widget elementor-widget-heading\" data-id=\"36ed760\" data-element_type=\"widget\" data-e-type=\"widget\" data-widget_type=\"heading.default\">\n\t\t\t\t<div class=\"elementor-widget-container\">\n\t\t\t\t\t<h2 class=\"elementor-heading-title elementor-size-default\">C\u00e9l\u00e9brez Rosh Hashana avec votre famille au grand complet \u00e0 l'h\u00f4tel<\/h2>\t\t\t\t<\/div>\n\t\t\t\t<\/div>\n\t\t\t\t<div class=\"elementor-element elementor-element-133924ea sah-link-hover elementor-widget elementor-widget-text-editor\" data-id=\"133924ea\" data-element_type=\"widget\" data-e-type=\"widget\" data-widget_type=\"text-editor.default\">\n\t\t\t\t<div class=\"elementor-widget-container\">\n\t\t\t\t\t\t\t\t\t<p>La p\u00e9riode des vacances commence bient\u00f4t, apportant avec elle la merveilleuse opportunit\u00e9 de passer du bon temps en r\u00e9unissant toute la famille et en partant explorer le pays. Tel-Aviv est indubitablement l\u2019une des destinations les plus recherch\u00e9es, chatoyantes, divertissantes, et vibrantes, pour les couples comme pour les familles, et elle est aussi tr\u00e8s riche sur le plan de la culture isra\u00e9lienne.<br \/>\u00c0 Tel-Aviv, vous profiterez de la formule de vacances la plus parfaite, dans le luxe et la relaxation, dans la richesse des contenus et des divertissements, ais\u00e9ment accessibles, \u00e0 pied ou \u00e0 bicyclette, tout en s\u00e9journant \u00e0 l&rsquo;h\u00f4tel, \u00e0 une minute \u00e0 pied de la mer!<br \/>Ne manquez pas l\u2019occasion de vous r\u00e9unir pour passer un moment de haute qualit\u00e9 et cr\u00e9er des souvenirs inoubliables!<br \/>Pour des offres sp\u00e9ciales de vacances, cliquez ici.<\/p>\t\t\t\t\t\t\t\t<\/div>\n\t\t\t\t<\/div>\n\t\t\t\t\t<\/div>\n\t\t<\/div>\n\t\t\t\t\t<\/div>\n\t\t<\/section>\n\t\t\t\t<section class=\"elementor-section elementor-top-section elementor-element elementor-element-b9e8a05 elementor-section-stretched elementor-section-full_width elementor-section-height-default elementor-section-height-default\" data-id=\"b9e8a05\" data-element_type=\"section\" data-e-type=\"section\" id=\"gallery\" data-settings=\"{&quot;stretch_section&quot;:&quot;section-stretched&quot;,&quot;background_background&quot;:&quot;classic&quot;}\">\n\t\t\t\t\t\t<div class=\"elementor-container elementor-column-gap-default\">\n\t\t\t\t\t<div class=\"elementor-column elementor-col-100 elementor-top-column elementor-element elementor-element-52d17fa9\" data-id=\"52d17fa9\" data-element_type=\"column\" data-e-type=\"column\">\n\t\t\t<div class=\"elementor-widget-wrap elementor-element-populated\">\n\t\t\t\t\t\t<div class=\"elementor-element elementor-element-369a7e1e elementor-widget elementor-widget-heading\" data-id=\"369a7e1e\" data-element_type=\"widget\" data-e-type=\"widget\" data-widget_type=\"heading.default\">\n\t\t\t\t<div class=\"elementor-widget-container\">\n\t\t\t\t\t<h2 class=\"elementor-heading-title elementor-size-default\">Follow Us<\/h2>\t\t\t\t<\/div>\n\t\t\t\t<\/div>\n\t\t\t\t<div class=\"elementor-element elementor-element-646bc65b elementor-align-center elementor-icon-list--layout-traditional elementor-list-item-link-full_width elementor-widget elementor-widget-icon-list\" data-id=\"646bc65b\" data-element_type=\"widget\" data-e-type=\"widget\" data-widget_type=\"icon-list.default\">\n\t\t\t\t<div class=\"elementor-widget-container\">\n\t\t\t\t\t\t\t<ul class=\"elementor-icon-list-items\">\n\t\t\t\t\t\t\t<li class=\"elementor-icon-list-item\">\n\t\t\t\t\t\t\t\t\t\t\t<span class=\"elementor-icon-list-icon\">\n\t\t\t\t\t\t\t\t\t\t\t\t\t\t\t\t<i class=\"fa fa-instagram\" aria-hidden=\"true\"><\/i>\n\t\t\t\t\t\t\t\t\t\t\t\t\t<\/span>\n\t\t\t\t\t\t\t\t\t\t<span class=\"elementor-icon-list-text\">seasuitestlv#<\/span>\n\t\t\t\t\t\t\t\t\t<\/li>\n\t\t\t\t\t\t<\/ul>\n\t\t\t\t\t\t<\/div>\n\t\t\t\t<\/div>\n\t\t\t\t\t<\/div>\n\t\t<\/div>\n\t\t\t\t\t<\/div>\n\t\t<\/section>\n\t\t\t\t<\/div>\n\t\t","protected":false},"excerpt":{"rendered":"<p>Share Partager sur whatsapp Partager sur facebook Partager sur telegram Partager sur email Partager sur twitter Partager sur linkedin Partager sur pinterest Partager sur skype Partager sur pocket Partager sur print C\u00e9l\u00e9brez Rosh Hashana avec votre famille au grand complet \u00e0 l&rsquo;h\u00f4tel La p\u00e9riode des vacances commence bient\u00f4t, apportant avec elle la merveilleuse opportunit\u00e9 de [&hellip;]<\/p>\n","protected":false},"author":1,"featured_media":0,"parent":196,"menu_order":140,"comment_status":"closed","ping_status":"closed","template":"","meta":{"_acf_changed":false,"footnotes":""},"class_list":["post-2507","page","type-page","status-publish","hentry"],"acf":[],"yoast_head":"<!-- This site is optimized with the Yoast SEO plugin v27.2 - https:\/\/yoast.com\/product\/yoast-seo-wordpress\/ -->\n<title>C\u00e9l\u00e9brez Rosh Hashana avec votre famille au grand complet \u00e0 l&#039;h\u00f4tel - Sea Executive Suites<\/title>\n<meta name=\"robots\" content=\"index, follow, max-snippet:-1, max-image-preview:large, max-video-preview:-1\" \/>\n<link rel=\"canonical\" href=\"https:\/\/www.sea-hotel.co.il\/fr\/promotions\/hotel-promotions-in-tel-aviv\/\" \/>\n<meta property=\"og:locale\" content=\"fr_FR\" \/>\n<meta property=\"og:type\" content=\"article\" \/>\n<meta property=\"og:title\" content=\"C\u00e9l\u00e9brez Rosh Hashana avec votre famille au grand complet \u00e0 l&#039;h\u00f4tel - Sea Executive Suites\" \/>\n<meta property=\"og:description\" content=\"Share Partager sur whatsapp Partager sur facebook Partager sur telegram Partager sur email Partager sur twitter Partager sur linkedin Partager sur pinterest Partager sur skype Partager sur pocket Partager sur print C\u00e9l\u00e9brez Rosh Hashana avec votre famille au grand complet \u00e0 l&rsquo;h\u00f4tel La p\u00e9riode des vacances commence bient\u00f4t, apportant avec elle la merveilleuse opportunit\u00e9 de [&hellip;]\" \/>\n<meta property=\"og:url\" content=\"https:\/\/www.sea-hotel.co.il\/fr\/promotions\/hotel-promotions-in-tel-aviv\/\" \/>\n<meta property=\"og:site_name\" content=\"Sea Executive Suites\" \/>\n<meta property=\"article:modified_time\" content=\"2022-03-10T09:36:13+00:00\" \/>\n<meta property=\"og:image\" content=\"https:\/\/www.sea-hotel.co.il\/fr\/wp-content\/uploads\/sites\/5\/1.png\" \/>\n\t<meta property=\"og:image:width\" content=\"2096\" \/>\n\t<meta property=\"og:image:height\" content=\"1180\" \/>\n\t<meta property=\"og:image:type\" content=\"image\/png\" \/>\n<meta name=\"twitter:card\" content=\"summary_large_image\" \/>\n<meta name=\"twitter:label1\" content=\"Dur\u00e9e de lecture estim\u00e9e\" \/>\n\t<meta name=\"twitter:data1\" content=\"1 minute\" \/>\n<!-- \/ Yoast SEO plugin. -->","yoast_head_json":{"title":"C\u00e9l\u00e9brez Rosh Hashana avec votre famille au grand complet \u00e0 l'h\u00f4tel - Sea Executive Suites","robots":{"index":"index","follow":"follow","max-snippet":"max-snippet:-1","max-image-preview":"max-image-preview:large","max-video-preview":"max-video-preview:-1"},"canonical":"https:\/\/www.sea-hotel.co.il\/fr\/promotions\/hotel-promotions-in-tel-aviv\/","og_locale":"fr_FR","og_type":"article","og_title":"C\u00e9l\u00e9brez Rosh Hashana avec votre famille au grand complet \u00e0 l'h\u00f4tel - Sea Executive Suites","og_description":"Share Partager sur whatsapp Partager sur facebook Partager sur telegram Partager sur email Partager sur twitter Partager sur linkedin Partager sur pinterest Partager sur skype Partager sur pocket Partager sur print C\u00e9l\u00e9brez Rosh Hashana avec votre famille au grand complet \u00e0 l&rsquo;h\u00f4tel La p\u00e9riode des vacances commence bient\u00f4t, apportant avec elle la merveilleuse opportunit\u00e9 de [&hellip;]","og_url":"https:\/\/www.sea-hotel.co.il\/fr\/promotions\/hotel-promotions-in-tel-aviv\/","og_site_name":"Sea Executive Suites","article_modified_time":"2022-03-10T09:36:13+00:00","og_image":[{"width":2096,"height":1180,"url":"https:\/\/www.sea-hotel.co.il\/fr\/wp-content\/uploads\/sites\/5\/1.png","type":"image\/png"}],"twitter_card":"summary_large_image","twitter_misc":{"Dur\u00e9e de lecture estim\u00e9e":"1 minute"},"schema":{"@context":"https:\/\/schema.org","@graph":[{"@type":"WebPage","@id":"https:\/\/www.sea-hotel.co.il\/fr\/promotions\/hotel-promotions-in-tel-aviv\/","url":"https:\/\/www.sea-hotel.co.il\/fr\/promotions\/hotel-promotions-in-tel-aviv\/","name":"C\u00e9l\u00e9brez Rosh Hashana avec votre famille au grand complet \u00e0 l'h\u00f4tel - Sea Executive Suites","isPartOf":{"@id":"https:\/\/www.sea-hotel.co.il\/fr\/#website"},"datePublished":"2019-01-06T11:58:04+00:00","dateModified":"2022-03-10T09:36:13+00:00","breadcrumb":{"@id":"https:\/\/www.sea-hotel.co.il\/fr\/promotions\/hotel-promotions-in-tel-aviv\/#breadcrumb"},"inLanguage":"fr-FR","potentialAction":[{"@type":"ReadAction","target":["https:\/\/www.sea-hotel.co.il\/fr\/promotions\/hotel-promotions-in-tel-aviv\/"]}]},{"@type":"BreadcrumbList","@id":"https:\/\/www.sea-hotel.co.il\/fr\/promotions\/hotel-promotions-in-tel-aviv\/#breadcrumb","itemListElement":[{"@type":"ListItem","position":1,"name":"HOME","item":"https:\/\/www.sea-hotel.co.il\/fr\/"},{"@type":"ListItem","position":2,"name":"OFFRES SP\u00c9CIALES","item":"https:\/\/www.sea-hotel.co.il\/fr\/promotions\/"},{"@type":"ListItem","position":3,"name":"C\u00e9l\u00e9brez Rosh Hashana avec votre famille au grand complet \u00e0 l&#8217;h\u00f4tel"}]},{"@type":"WebSite","@id":"https:\/\/www.sea-hotel.co.il\/fr\/#website","url":"https:\/\/www.sea-hotel.co.il\/fr\/","name":"Sea Executive Suites","description":"","publisher":{"@id":"https:\/\/www.sea-hotel.co.il\/fr\/#organization"},"potentialAction":[{"@type":"SearchAction","target":{"@type":"EntryPoint","urlTemplate":"https:\/\/www.sea-hotel.co.il\/fr\/?s={search_term_string}"},"query-input":{"@type":"PropertyValueSpecification","valueRequired":true,"valueName":"search_term_string"}}],"inLanguage":"fr-FR"},{"@type":"Organization","@id":"https:\/\/www.sea-hotel.co.il\/fr\/#organization","name":"Sea Executive Suites","url":"https:\/\/www.sea-hotel.co.il\/fr\/","logo":{"@type":"ImageObject","inLanguage":"fr-FR","@id":"https:\/\/www.sea-hotel.co.il\/fr\/#\/schema\/logo\/image\/","url":"https:\/\/www.sea-hotel.co.il\/fr\/wp-content\/uploads\/sites\/5\/logo_sea.png","contentUrl":"https:\/\/www.sea-hotel.co.il\/fr\/wp-content\/uploads\/sites\/5\/logo_sea.png","width":400,"height":206,"caption":"Sea Executive Suites"},"image":{"@id":"https:\/\/www.sea-hotel.co.il\/fr\/#\/schema\/logo\/image\/"}}]}},"_links":{"self":[{"href":"https:\/\/www.sea-hotel.co.il\/fr\/wp-json\/wp\/v2\/pages\/2507","targetHints":{"allow":["GET"]}}],"collection":[{"href":"https:\/\/www.sea-hotel.co.il\/fr\/wp-json\/wp\/v2\/pages"}],"about":[{"href":"https:\/\/www.sea-hotel.co.il\/fr\/wp-json\/wp\/v2\/types\/page"}],"author":[{"embeddable":true,"href":"https:\/\/www.sea-hotel.co.il\/fr\/wp-json\/wp\/v2\/users\/1"}],"replies":[{"embeddable":true,"href":"https:\/\/www.sea-hotel.co.il\/fr\/wp-json\/wp\/v2\/comments?post=2507"}],"version-history":[{"count":0,"href":"https:\/\/www.sea-hotel.co.il\/fr\/wp-json\/wp\/v2\/pages\/2507\/revisions"}],"up":[{"embeddable":true,"href":"https:\/\/www.sea-hotel.co.il\/fr\/wp-json\/wp\/v2\/pages\/196"}],"wp:attachment":[{"href":"https:\/\/www.sea-hotel.co.il\/fr\/wp-json\/wp\/v2\/media?parent=2507"}],"curies":[{"name":"wp","href":"https:\/\/api.w.org\/{rel}","templated":true}]}}