{"id":970,"date":"2018-12-11T07:19:06","date_gmt":"2018-12-11T07:19:06","guid":{"rendered":"https:\/\/www.sea-hotel.co.il\/?page_id=970"},"modified":"2022-03-10T11:40:14","modified_gmt":"2022-03-10T09:40:14","slug":"port-de-tel-aviv","status":"publish","type":"page","link":"https:\/\/www.sea-hotel.co.il\/fr\/attractions\/port-de-tel-aviv\/","title":{"rendered":"PORT DE TEL AVIV"},"content":{"rendered":"\t\t<div data-elementor-type=\"wp-post\" data-elementor-id=\"970\" class=\"elementor elementor-970\" data-elementor-post-type=\"page\">\n\t\t\t\t\t\t<section class=\"elementor-section elementor-top-section elementor-element elementor-element-4545639f elementor-section-height-min-height elementor-section-items-bottom elementor-section-boxed elementor-section-height-default\" data-id=\"4545639f\" data-element_type=\"section\" data-e-type=\"section\" data-settings=\"{&quot;background_background&quot;:&quot;classic&quot;}\">\n\t\t\t\t\t\t<div class=\"elementor-container elementor-column-gap-default\">\n\t\t\t\t\t<div class=\"elementor-column elementor-col-100 elementor-top-column elementor-element elementor-element-3de6d6c4\" data-id=\"3de6d6c4\" data-element_type=\"column\" data-e-type=\"column\">\n\t\t\t<div class=\"elementor-widget-wrap elementor-element-populated\">\n\t\t\t\t\t\t<section class=\"elementor-section elementor-inner-section elementor-element elementor-element-516708fd elementor-section-boxed elementor-section-height-default elementor-section-height-default\" data-id=\"516708fd\" data-element_type=\"section\" data-e-type=\"section\">\n\t\t\t\t\t\t<div class=\"elementor-container elementor-column-gap-default\">\n\t\t\t\t\t<div class=\"elementor-column elementor-col-100 elementor-inner-column elementor-element elementor-element-15ec31e2\" data-id=\"15ec31e2\" data-element_type=\"column\" data-e-type=\"column\">\n\t\t\t<div class=\"elementor-widget-wrap elementor-element-populated\">\n\t\t\t\t\t\t<div class=\"elementor-element elementor-element-bfedebb elementor-widget elementor-widget-heading\" data-id=\"bfedebb\" data-element_type=\"widget\" data-e-type=\"widget\" data-widget_type=\"heading.default\">\n\t\t\t\t<div class=\"elementor-widget-container\">\n\t\t\t\t\t<h1 class=\"elementor-heading-title elementor-size-default\">PORT DE TEL AVIV<\/h1>\t\t\t\t<\/div>\n\t\t\t\t<\/div>\n\t\t\t\t<div class=\"elementor-element elementor-element-6dfcb679 elementor-widget elementor-widget-heading\" data-id=\"6dfcb679\" data-element_type=\"widget\" data-e-type=\"widget\" data-widget_type=\"heading.default\">\n\t\t\t\t<div class=\"elementor-widget-container\">\n\t\t\t\t\t<h2 class=\"elementor-heading-title elementor-size-default\">Share<\/h2>\t\t\t\t<\/div>\n\t\t\t\t<\/div>\n\t\t\t\t<div class=\"elementor-element elementor-element-67d3777a elementor-share-buttons--view-icon elementor-share-buttons--skin-flat elementor-share-buttons--shape-circle elementor-share-buttons--color-custom elementor-grid-0 elementor-widget elementor-widget-share-buttons\" data-id=\"67d3777a\" data-element_type=\"widget\" data-e-type=\"widget\" data-widget_type=\"share-buttons.default\">\n\t\t\t\t<div class=\"elementor-widget-container\">\n\t\t\t\t\t\t\t<div class=\"elementor-grid\" role=\"list\">\n\t\t\t\t\t\t\t\t<div class=\"elementor-grid-item\" role=\"listitem\">\n\t\t\t\t\t\t<div class=\"elementor-share-btn elementor-share-btn_whatsapp\" role=\"button\" tabindex=\"0\" aria-label=\"Partager sur whatsapp\">\n\t\t\t\t\t\t\t\t\t\t\t\t\t\t\t<span class=\"elementor-share-btn__icon\">\n\t\t\t\t\t\t\t\t<i class=\"fab fa-whatsapp\" aria-hidden=\"true\"><\/i>\t\t\t\t\t\t\t<\/span>\n\t\t\t\t\t\t\t\t\t\t\t\t\t\t\t\t\t\t\t\t<\/div>\n\t\t\t\t\t<\/div>\n\t\t\t\t\t\t\t\t\t<div class=\"elementor-grid-item\" role=\"listitem\">\n\t\t\t\t\t\t<div class=\"elementor-share-btn elementor-share-btn_facebook\" role=\"button\" tabindex=\"0\" aria-label=\"Partager sur facebook\">\n\t\t\t\t\t\t\t\t\t\t\t\t\t\t\t<span class=\"elementor-share-btn__icon\">\n\t\t\t\t\t\t\t\t<i class=\"fab fa-facebook\" aria-hidden=\"true\"><\/i>\t\t\t\t\t\t\t<\/span>\n\t\t\t\t\t\t\t\t\t\t\t\t\t\t\t\t\t\t\t\t<\/div>\n\t\t\t\t\t<\/div>\n\t\t\t\t\t\t\t\t\t<div class=\"elementor-grid-item\" role=\"listitem\">\n\t\t\t\t\t\t<div class=\"elementor-share-btn elementor-share-btn_telegram\" role=\"button\" tabindex=\"0\" aria-label=\"Partager sur telegram\">\n\t\t\t\t\t\t\t\t\t\t\t\t\t\t\t<span class=\"elementor-share-btn__icon\">\n\t\t\t\t\t\t\t\t<i class=\"fab fa-telegram\" aria-hidden=\"true\"><\/i>\t\t\t\t\t\t\t<\/span>\n\t\t\t\t\t\t\t\t\t\t\t\t\t\t\t\t\t\t\t\t<\/div>\n\t\t\t\t\t<\/div>\n\t\t\t\t\t\t\t\t\t<div class=\"elementor-grid-item\" role=\"listitem\">\n\t\t\t\t\t\t<div class=\"elementor-share-btn elementor-share-btn_email\" role=\"button\" tabindex=\"0\" aria-label=\"Partager sur email\">\n\t\t\t\t\t\t\t\t\t\t\t\t\t\t\t<span class=\"elementor-share-btn__icon\">\n\t\t\t\t\t\t\t\t<i class=\"fas fa-envelope\" aria-hidden=\"true\"><\/i>\t\t\t\t\t\t\t<\/span>\n\t\t\t\t\t\t\t\t\t\t\t\t\t\t\t\t\t\t\t\t<\/div>\n\t\t\t\t\t<\/div>\n\t\t\t\t\t\t\t\t\t<div class=\"elementor-grid-item\" role=\"listitem\">\n\t\t\t\t\t\t<div class=\"elementor-share-btn elementor-share-btn_twitter\" role=\"button\" tabindex=\"0\" aria-label=\"Partager sur twitter\">\n\t\t\t\t\t\t\t\t\t\t\t\t\t\t\t<span class=\"elementor-share-btn__icon\">\n\t\t\t\t\t\t\t\t<i class=\"fab fa-twitter\" aria-hidden=\"true\"><\/i>\t\t\t\t\t\t\t<\/span>\n\t\t\t\t\t\t\t\t\t\t\t\t\t\t\t\t\t\t\t\t<\/div>\n\t\t\t\t\t<\/div>\n\t\t\t\t\t\t\t\t\t<div class=\"elementor-grid-item\" role=\"listitem\">\n\t\t\t\t\t\t<div class=\"elementor-share-btn elementor-share-btn_linkedin\" role=\"button\" tabindex=\"0\" aria-label=\"Partager sur linkedin\">\n\t\t\t\t\t\t\t\t\t\t\t\t\t\t\t<span class=\"elementor-share-btn__icon\">\n\t\t\t\t\t\t\t\t<i class=\"fab fa-linkedin\" aria-hidden=\"true\"><\/i>\t\t\t\t\t\t\t<\/span>\n\t\t\t\t\t\t\t\t\t\t\t\t\t\t\t\t\t\t\t\t<\/div>\n\t\t\t\t\t<\/div>\n\t\t\t\t\t\t\t\t\t<div class=\"elementor-grid-item\" role=\"listitem\">\n\t\t\t\t\t\t<div class=\"elementor-share-btn elementor-share-btn_pinterest\" role=\"button\" tabindex=\"0\" aria-label=\"Partager sur pinterest\">\n\t\t\t\t\t\t\t\t\t\t\t\t\t\t\t<span class=\"elementor-share-btn__icon\">\n\t\t\t\t\t\t\t\t<i class=\"fab fa-pinterest\" aria-hidden=\"true\"><\/i>\t\t\t\t\t\t\t<\/span>\n\t\t\t\t\t\t\t\t\t\t\t\t\t\t\t\t\t\t\t\t<\/div>\n\t\t\t\t\t<\/div>\n\t\t\t\t\t\t\t\t\t<div class=\"elementor-grid-item\" role=\"listitem\">\n\t\t\t\t\t\t<div class=\"elementor-share-btn elementor-share-btn_skype\" role=\"button\" tabindex=\"0\" aria-label=\"Partager sur skype\">\n\t\t\t\t\t\t\t\t\t\t\t\t\t\t\t<span class=\"elementor-share-btn__icon\">\n\t\t\t\t\t\t\t\t<i class=\"fab fa-skype\" aria-hidden=\"true\"><\/i>\t\t\t\t\t\t\t<\/span>\n\t\t\t\t\t\t\t\t\t\t\t\t\t\t\t\t\t\t\t\t<\/div>\n\t\t\t\t\t<\/div>\n\t\t\t\t\t\t\t\t\t<div class=\"elementor-grid-item\" role=\"listitem\">\n\t\t\t\t\t\t<div class=\"elementor-share-btn elementor-share-btn_pocket\" role=\"button\" tabindex=\"0\" aria-label=\"Partager sur pocket\">\n\t\t\t\t\t\t\t\t\t\t\t\t\t\t\t<span class=\"elementor-share-btn__icon\">\n\t\t\t\t\t\t\t\t<i class=\"fab fa-get-pocket\" aria-hidden=\"true\"><\/i>\t\t\t\t\t\t\t<\/span>\n\t\t\t\t\t\t\t\t\t\t\t\t\t\t\t\t\t\t\t\t<\/div>\n\t\t\t\t\t<\/div>\n\t\t\t\t\t\t\t\t\t<div class=\"elementor-grid-item\" role=\"listitem\">\n\t\t\t\t\t\t<div class=\"elementor-share-btn elementor-share-btn_print\" role=\"button\" tabindex=\"0\" aria-label=\"Partager sur print\">\n\t\t\t\t\t\t\t\t\t\t\t\t\t\t\t<span class=\"elementor-share-btn__icon\">\n\t\t\t\t\t\t\t\t<i class=\"fas fa-print\" aria-hidden=\"true\"><\/i>\t\t\t\t\t\t\t<\/span>\n\t\t\t\t\t\t\t\t\t\t\t\t\t\t\t\t\t\t\t\t<\/div>\n\t\t\t\t\t<\/div>\n\t\t\t\t\t\t<\/div>\n\t\t\t\t\t\t<\/div>\n\t\t\t\t<\/div>\n\t\t\t\t\t<\/div>\n\t\t<\/div>\n\t\t\t\t\t<\/div>\n\t\t<\/section>\n\t\t\t\t\t<\/div>\n\t\t<\/div>\n\t\t\t\t\t<\/div>\n\t\t<\/section>\n\t\t\t\t<section class=\"elementor-section elementor-top-section elementor-element elementor-element-2ff0636f elementor-section-boxed elementor-section-height-default elementor-section-height-default\" data-id=\"2ff0636f\" data-element_type=\"section\" data-e-type=\"section\" id=\"sah-search\" data-settings=\"{&quot;background_background&quot;:&quot;classic&quot;}\">\n\t\t\t\t\t\t<div class=\"elementor-container elementor-column-gap-default\">\n\t\t\t\t\t<div class=\"elementor-column elementor-col-100 elementor-top-column elementor-element elementor-element-4a75f07\" data-id=\"4a75f07\" data-element_type=\"column\" data-e-type=\"column\">\n\t\t\t<div class=\"elementor-widget-wrap elementor-element-populated\">\n\t\t\t\t\t\t<div class=\"elementor-element elementor-element-5d36f2f8 elementor-widget-divider--view-line elementor-widget elementor-widget-divider\" data-id=\"5d36f2f8\" data-element_type=\"widget\" data-e-type=\"widget\" data-widget_type=\"divider.default\">\n\t\t\t\t<div class=\"elementor-widget-container\">\n\t\t\t\t\t\t\t<div class=\"elementor-divider\">\n\t\t\t<span class=\"elementor-divider-separator\">\n\t\t\t\t\t\t<\/span>\n\t\t<\/div>\n\t\t\t\t\t\t<\/div>\n\t\t\t\t<\/div>\n\t\t\t\t\t<\/div>\n\t\t<\/div>\n\t\t\t\t\t<\/div>\n\t\t<\/section>\n\t\t\t\t<section class=\"elementor-section elementor-top-section elementor-element elementor-element-ec8d798 elementor-section-boxed elementor-section-height-default elementor-section-height-default\" data-id=\"ec8d798\" data-element_type=\"section\" data-e-type=\"section\">\n\t\t\t\t\t\t<div class=\"elementor-container elementor-column-gap-default\">\n\t\t\t\t\t<div class=\"elementor-column elementor-col-100 elementor-top-column elementor-element elementor-element-b79e39c\" data-id=\"b79e39c\" data-element_type=\"column\" data-e-type=\"column\">\n\t\t\t<div class=\"elementor-widget-wrap elementor-element-populated\">\n\t\t\t\t\t\t<div class=\"elementor-element elementor-element-d35cc1d elementor-widget elementor-widget-heading\" data-id=\"d35cc1d\" data-element_type=\"widget\" data-e-type=\"widget\" data-widget_type=\"heading.default\">\n\t\t\t\t<div class=\"elementor-widget-container\">\n\t\t\t\t\t<h2 class=\"elementor-heading-title elementor-size-default\">PORT DE TEL AVIV<\/h2>\t\t\t\t<\/div>\n\t\t\t\t<\/div>\n\t\t\t\t<div class=\"elementor-element elementor-element-de24398 sah-link-hover elementor-widget elementor-widget-text-editor\" data-id=\"de24398\" data-element_type=\"widget\" data-e-type=\"widget\" data-widget_type=\"text-editor.default\">\n\t\t\t\t<div class=\"elementor-widget-container\">\n\t\t\t\t\t\t\t\t\t<p>Vous ne pouvez pas visiter Tel-Aviv sans d\u00e9couvrir le port qui regroupe une grande vari\u00e9t\u00e9 de restaurants, de bars, de caf\u00e9s et de magasins, sans oublier le magnifique march\u00e9 des fermiers qui est ouvert tous les jours, et particuli\u00e8rement vivant le vendredi.<\/p><p>Vos enfants adoreront les terrains de jeu et les spectacles de lumi\u00e8re. Vous pourrez profiter de la brise de la mer au cours du d\u00eener, ou simplement d&rsquo;un verre de vin blanc, chez , Yulia, Iceberg-Volcano ou tout autre restaurant.<\/p><p>Pour plus d&rsquo;informations : <a href=\"https:\/\/www.namal.co.il\/\" target=\"_blank\" rel=\"noopener\">https:\/\/www.namal.co.il\/<\/a><\/p><div id=\"gtx-trans\" style=\"position: absolute; left: 360px; top: 262px;\"><div class=\"gtx-trans-icon\">\u00a0<\/div><\/div>\t\t\t\t\t\t\t\t<\/div>\n\t\t\t\t<\/div>\n\t\t\t\t<div class=\"elementor-element elementor-element-33b36d7 elementor-widget elementor-widget-image\" data-id=\"33b36d7\" data-element_type=\"widget\" data-e-type=\"widget\" data-widget_type=\"image.default\">\n\t\t\t\t<div class=\"elementor-widget-container\">\n\t\t\t\t\t\t\t\t\t\t\t\t<figure class=\"wp-caption\">\n\t\t\t\t\t\t\t\t\t\t<img fetchpriority=\"high\" decoding=\"async\" width=\"800\" height=\"531\" src=\"https:\/\/www.sea-hotel.co.il\/fr\/wp-content\/uploads\/sites\/5\/promenade-2.jpg\" class=\"attachment-full size-full wp-image-974\" alt=\"Tel Aviv Promenade\" srcset=\"https:\/\/www.sea-hotel.co.il\/fr\/wp-content\/uploads\/sites\/5\/promenade-2.jpg 800w, https:\/\/www.sea-hotel.co.il\/fr\/wp-content\/uploads\/sites\/5\/promenade-2-768x510.jpg 768w\" sizes=\"(max-width: 800px) 100vw, 800px\" \/>\t\t\t\t\t\t\t\t\t\t\t<figcaption class=\"widget-image-caption wp-caption-text\"><i>Image by Yderovan <br> Image by shifra Levyathan<\/i><\/figcaption>\n\t\t\t\t\t\t\t\t\t\t<\/figure>\n\t\t\t\t\t\t\t\t\t<\/div>\n\t\t\t\t<\/div>\n\t\t\t\t<div class=\"elementor-element elementor-element-68349b1 elementor-align-center elementor-icon-list--layout-traditional elementor-list-item-link-full_width elementor-widget elementor-widget-global elementor-global-837 elementor-widget-icon-list\" data-id=\"68349b1\" data-element_type=\"widget\" data-e-type=\"widget\" data-widget_type=\"icon-list.default\">\n\t\t\t\t<div class=\"elementor-widget-container\">\n\t\t\t\t\t\t\t<ul class=\"elementor-icon-list-items\">\n\t\t\t\t\t\t\t<li class=\"elementor-icon-list-item\">\n\t\t\t\t\t\t\t\t\t\t\t<a href=\"tel:%20+972722172884\" rel=\"nofollow\">\n\n\t\t\t\t\t\t\t\t\t\t\t\t<span class=\"elementor-icon-list-icon\">\n\t\t\t\t\t\t\t<i aria-hidden=\"true\" class=\"fab fa-whatsapp-square\"><\/i>\t\t\t\t\t\t<\/span>\n\t\t\t\t\t\t\t\t\t\t<span class=\"elementor-icon-list-text\"><\/span>\n\t\t\t\t\t\t\t\t\t\t\t<\/a>\n\t\t\t\t\t\t\t\t\t<\/li>\n\t\t\t\t\t\t<\/ul>\n\t\t\t\t\t\t<\/div>\n\t\t\t\t<\/div>\n\t\t\t\t\t<\/div>\n\t\t<\/div>\n\t\t\t\t\t<\/div>\n\t\t<\/section>\n\t\t\t\t<section class=\"elementor-section elementor-top-section elementor-element elementor-element-7b48d57d elementor-section-stretched elementor-section-full_width elementor-section-height-default elementor-section-height-default\" data-id=\"7b48d57d\" data-element_type=\"section\" data-e-type=\"section\" id=\"gallery\" data-settings=\"{&quot;stretch_section&quot;:&quot;section-stretched&quot;,&quot;background_background&quot;:&quot;classic&quot;}\">\n\t\t\t\t\t\t<div class=\"elementor-container elementor-column-gap-default\">\n\t\t\t\t\t<div class=\"elementor-column elementor-col-100 elementor-top-column elementor-element elementor-element-70d4165\" data-id=\"70d4165\" data-element_type=\"column\" data-e-type=\"column\">\n\t\t\t<div class=\"elementor-widget-wrap elementor-element-populated\">\n\t\t\t\t\t\t<div class=\"elementor-element elementor-element-72489614 elementor-widget elementor-widget-heading\" data-id=\"72489614\" data-element_type=\"widget\" data-e-type=\"widget\" data-widget_type=\"heading.default\">\n\t\t\t\t<div class=\"elementor-widget-container\">\n\t\t\t\t\t<h2 class=\"elementor-heading-title elementor-size-default\">Follow Us<\/h2>\t\t\t\t<\/div>\n\t\t\t\t<\/div>\n\t\t\t\t<div class=\"elementor-element elementor-element-1356454f elementor-align-center elementor-icon-list--layout-traditional elementor-list-item-link-full_width elementor-widget elementor-widget-icon-list\" data-id=\"1356454f\" data-element_type=\"widget\" data-e-type=\"widget\" data-widget_type=\"icon-list.default\">\n\t\t\t\t<div class=\"elementor-widget-container\">\n\t\t\t\t\t\t\t<ul class=\"elementor-icon-list-items\">\n\t\t\t\t\t\t\t<li class=\"elementor-icon-list-item\">\n\t\t\t\t\t\t\t\t\t\t\t<span class=\"elementor-icon-list-icon\">\n\t\t\t\t\t\t\t\t\t\t\t\t\t\t\t\t<i class=\"fa fa-instagram\" aria-hidden=\"true\"><\/i>\n\t\t\t\t\t\t\t\t\t\t\t\t\t<\/span>\n\t\t\t\t\t\t\t\t\t\t<span class=\"elementor-icon-list-text\">seasuitestlv#<\/span>\n\t\t\t\t\t\t\t\t\t<\/li>\n\t\t\t\t\t\t<\/ul>\n\t\t\t\t\t\t<\/div>\n\t\t\t\t<\/div>\n\t\t\t\t<div class=\"elementor-element elementor-element-786b4939 elementor-align-center elementor-widget elementor-widget-global elementor-global-1662 elementor-widget-breadcrumbs\" data-id=\"786b4939\" data-element_type=\"widget\" data-e-type=\"widget\" data-widget_type=\"breadcrumbs.default\">\n\t\t\t\t<div class=\"elementor-widget-container\">\n\t\t\t\t\t<p id=\"breadcrumbs\"><span><span><a href=\"https:\/\/www.sea-hotel.co.il\/fr\/\">HOME<\/a><\/span><\/span><\/p>\t\t\t\t<\/div>\n\t\t\t\t<\/div>\n\t\t\t\t\t<\/div>\n\t\t<\/div>\n\t\t\t\t\t<\/div>\n\t\t<\/section>\n\t\t\t\t<\/div>\n\t\t","protected":false},"excerpt":{"rendered":"<p>Share Partager sur whatsapp Partager sur facebook Partager sur telegram Partager sur email Partager sur twitter Partager sur linkedin Partager sur pinterest Partager sur skype Partager sur pocket Partager sur print Vous ne pouvez pas visiter Tel-Aviv sans d\u00e9couvrir le port qui regroupe une grande vari\u00e9t\u00e9 de restaurants, de bars, de caf\u00e9s et de magasins, [&hellip;]<\/p>\n","protected":false},"author":1,"featured_media":0,"parent":437,"menu_order":130,"comment_status":"closed","ping_status":"closed","template":"","meta":{"_acf_changed":false,"footnotes":""},"class_list":["post-970","page","type-page","status-publish","hentry"],"acf":[],"yoast_head":"<!-- This site is optimized with the Yoast SEO plugin v27.2 - https:\/\/yoast.com\/product\/yoast-seo-wordpress\/ -->\n<title>Le port de Tel-Aviv | Sea Executive Suites<\/title>\n<meta name=\"description\" content=\"Ici, vous trouverez les informations n\u00e9cessaires sur l\u2018un des endroits les plus anim\u00e9s de Tel-Aviv : le port, r\u00e9cemment r\u00e9nov\u00e9, dans le Nord de la ville. Le port d\u00e9borde constamment d\u2018activit\u00e9s ; alors, n\u2018oubliez pas de l\u2018inclure dans votre prochaine visite.\" \/>\n<meta name=\"robots\" content=\"index, follow, max-snippet:-1, max-image-preview:large, max-video-preview:-1\" \/>\n<link rel=\"canonical\" href=\"https:\/\/www.sea-hotel.co.il\/fr\/attractions\/port-de-tel-aviv\/\" \/>\n<meta property=\"og:locale\" content=\"fr_FR\" \/>\n<meta property=\"og:type\" content=\"article\" \/>\n<meta property=\"og:title\" content=\"Le port de Tel-Aviv | Sea Executive Suites\" \/>\n<meta property=\"og:description\" content=\"Ici, vous trouverez les informations n\u00e9cessaires sur l\u2018un des endroits les plus anim\u00e9s de Tel-Aviv : le port, r\u00e9cemment r\u00e9nov\u00e9, dans le Nord de la ville. Le port d\u00e9borde constamment d\u2018activit\u00e9s ; alors, n\u2018oubliez pas de l\u2018inclure dans votre prochaine visite.\" \/>\n<meta property=\"og:url\" content=\"https:\/\/www.sea-hotel.co.il\/fr\/attractions\/port-de-tel-aviv\/\" \/>\n<meta property=\"og:site_name\" content=\"Sea Executive Suites\" \/>\n<meta property=\"article:modified_time\" content=\"2022-03-10T09:40:14+00:00\" \/>\n<meta property=\"og:image\" content=\"https:\/\/www.sea-hotel.co.il\/fr\/wp-content\/uploads\/sites\/5\/1.png\" \/>\n\t<meta property=\"og:image:width\" content=\"2096\" \/>\n\t<meta property=\"og:image:height\" content=\"1180\" \/>\n\t<meta property=\"og:image:type\" content=\"image\/png\" \/>\n<meta name=\"twitter:card\" content=\"summary_large_image\" \/>\n<meta name=\"twitter:label1\" content=\"Dur\u00e9e de lecture estim\u00e9e\" \/>\n\t<meta name=\"twitter:data1\" content=\"1 minute\" \/>\n<!-- \/ Yoast SEO plugin. -->","yoast_head_json":{"title":"Le port de Tel-Aviv | Sea Executive Suites","description":"Ici, vous trouverez les informations n\u00e9cessaires sur l\u2018un des endroits les plus anim\u00e9s de Tel-Aviv : le port, r\u00e9cemment r\u00e9nov\u00e9, dans le Nord de la ville. Le port d\u00e9borde constamment d\u2018activit\u00e9s ; alors, n\u2018oubliez pas de l\u2018inclure dans votre prochaine visite.","robots":{"index":"index","follow":"follow","max-snippet":"max-snippet:-1","max-image-preview":"max-image-preview:large","max-video-preview":"max-video-preview:-1"},"canonical":"https:\/\/www.sea-hotel.co.il\/fr\/attractions\/port-de-tel-aviv\/","og_locale":"fr_FR","og_type":"article","og_title":"Le port de Tel-Aviv | Sea Executive Suites","og_description":"Ici, vous trouverez les informations n\u00e9cessaires sur l\u2018un des endroits les plus anim\u00e9s de Tel-Aviv : le port, r\u00e9cemment r\u00e9nov\u00e9, dans le Nord de la ville. Le port d\u00e9borde constamment d\u2018activit\u00e9s ; alors, n\u2018oubliez pas de l\u2018inclure dans votre prochaine visite.","og_url":"https:\/\/www.sea-hotel.co.il\/fr\/attractions\/port-de-tel-aviv\/","og_site_name":"Sea Executive Suites","article_modified_time":"2022-03-10T09:40:14+00:00","og_image":[{"width":2096,"height":1180,"url":"https:\/\/www.sea-hotel.co.il\/fr\/wp-content\/uploads\/sites\/5\/1.png","type":"image\/png"}],"twitter_card":"summary_large_image","twitter_misc":{"Dur\u00e9e de lecture estim\u00e9e":"1 minute"},"schema":{"@context":"https:\/\/schema.org","@graph":[{"@type":"WebPage","@id":"https:\/\/www.sea-hotel.co.il\/fr\/attractions\/port-de-tel-aviv\/","url":"https:\/\/www.sea-hotel.co.il\/fr\/attractions\/port-de-tel-aviv\/","name":"Le port de Tel-Aviv | Sea Executive Suites","isPartOf":{"@id":"https:\/\/www.sea-hotel.co.il\/fr\/#website"},"primaryImageOfPage":{"@id":"https:\/\/www.sea-hotel.co.il\/fr\/attractions\/port-de-tel-aviv\/#primaryimage"},"image":{"@id":"https:\/\/www.sea-hotel.co.il\/fr\/attractions\/port-de-tel-aviv\/#primaryimage"},"thumbnailUrl":"https:\/\/www.sea-hotel.co.il\/fr\/wp-content\/uploads\/sites\/5\/promenade-2.jpg","datePublished":"2018-12-11T07:19:06+00:00","dateModified":"2022-03-10T09:40:14+00:00","description":"Ici, vous trouverez les informations n\u00e9cessaires sur l\u2018un des endroits les plus anim\u00e9s de Tel-Aviv : le port, r\u00e9cemment r\u00e9nov\u00e9, dans le Nord de la ville. Le port d\u00e9borde constamment d\u2018activit\u00e9s ; alors, n\u2018oubliez pas de l\u2018inclure dans votre prochaine visite.","breadcrumb":{"@id":"https:\/\/www.sea-hotel.co.il\/fr\/attractions\/port-de-tel-aviv\/#breadcrumb"},"inLanguage":"fr-FR","potentialAction":[{"@type":"ReadAction","target":["https:\/\/www.sea-hotel.co.il\/fr\/attractions\/port-de-tel-aviv\/"]}]},{"@type":"ImageObject","inLanguage":"fr-FR","@id":"https:\/\/www.sea-hotel.co.il\/fr\/attractions\/port-de-tel-aviv\/#primaryimage","url":"https:\/\/www.sea-hotel.co.il\/fr\/wp-content\/uploads\/sites\/5\/promenade-2.jpg","contentUrl":"https:\/\/www.sea-hotel.co.il\/fr\/wp-content\/uploads\/sites\/5\/promenade-2.jpg","width":800,"height":531,"caption":"Tel Aviv Promenade"},{"@type":"BreadcrumbList","@id":"https:\/\/www.sea-hotel.co.il\/fr\/attractions\/port-de-tel-aviv\/#breadcrumb","itemListElement":[{"@type":"ListItem","position":1,"name":"HOME","item":"https:\/\/www.sea-hotel.co.il\/fr\/"},{"@type":"ListItem","position":2,"name":"ATTRACTIONS","item":"https:\/\/www.sea-hotel.co.il\/fr\/attractions\/"},{"@type":"ListItem","position":3,"name":"PORT DE TEL AVIV"}]},{"@type":"WebSite","@id":"https:\/\/www.sea-hotel.co.il\/fr\/#website","url":"https:\/\/www.sea-hotel.co.il\/fr\/","name":"Sea Executive Suites","description":"","publisher":{"@id":"https:\/\/www.sea-hotel.co.il\/fr\/#organization"},"potentialAction":[{"@type":"SearchAction","target":{"@type":"EntryPoint","urlTemplate":"https:\/\/www.sea-hotel.co.il\/fr\/?s={search_term_string}"},"query-input":{"@type":"PropertyValueSpecification","valueRequired":true,"valueName":"search_term_string"}}],"inLanguage":"fr-FR"},{"@type":"Organization","@id":"https:\/\/www.sea-hotel.co.il\/fr\/#organization","name":"Sea Executive Suites","url":"https:\/\/www.sea-hotel.co.il\/fr\/","logo":{"@type":"ImageObject","inLanguage":"fr-FR","@id":"https:\/\/www.sea-hotel.co.il\/fr\/#\/schema\/logo\/image\/","url":"https:\/\/www.sea-hotel.co.il\/fr\/wp-content\/uploads\/sites\/5\/logo_sea.png","contentUrl":"https:\/\/www.sea-hotel.co.il\/fr\/wp-content\/uploads\/sites\/5\/logo_sea.png","width":400,"height":206,"caption":"Sea Executive Suites"},"image":{"@id":"https:\/\/www.sea-hotel.co.il\/fr\/#\/schema\/logo\/image\/"}}]}},"_links":{"self":[{"href":"https:\/\/www.sea-hotel.co.il\/fr\/wp-json\/wp\/v2\/pages\/970","targetHints":{"allow":["GET"]}}],"collection":[{"href":"https:\/\/www.sea-hotel.co.il\/fr\/wp-json\/wp\/v2\/pages"}],"about":[{"href":"https:\/\/www.sea-hotel.co.il\/fr\/wp-json\/wp\/v2\/types\/page"}],"author":[{"embeddable":true,"href":"https:\/\/www.sea-hotel.co.il\/fr\/wp-json\/wp\/v2\/users\/1"}],"replies":[{"embeddable":true,"href":"https:\/\/www.sea-hotel.co.il\/fr\/wp-json\/wp\/v2\/comments?post=970"}],"version-history":[{"count":0,"href":"https:\/\/www.sea-hotel.co.il\/fr\/wp-json\/wp\/v2\/pages\/970\/revisions"}],"up":[{"embeddable":true,"href":"https:\/\/www.sea-hotel.co.il\/fr\/wp-json\/wp\/v2\/pages\/437"}],"wp:attachment":[{"href":"https:\/\/www.sea-hotel.co.il\/fr\/wp-json\/wp\/v2\/media?parent=970"}],"curies":[{"name":"wp","href":"https:\/\/api.w.org\/{rel}","templated":true}]}}